{"id":79658,"date":"2026-02-20T10:03:48","date_gmt":"2026-02-20T09:03:48","guid":{"rendered":"https:\/\/visitacostadamorte.com\/?page_id=79658"},"modified":"2026-03-11T12:30:37","modified_gmt":"2026-03-11T11:30:37","slug":"declaracion-de-accesibilidade","status":"publish","type":"page","link":"https:\/\/visitacostadamorte.com\/gl\/declaracion-de-accesibilidade","title":{"rendered":"Declaraci\u00f3n de accesibilidade"},"content":{"rendered":"\n<h2 class=\"wp-block-heading has-text-align-left\">Declaraci\u00f3n de accesibilidade de visitacostadamorte.com<\/h2>\n\n\n\n<p><strong>Costa da Morte Asociaci\u00f3n Tur\u00edstica (CMAT)<\/strong> est\u00e1 comprometida en garantir a accesibilidade dixital para as persoas con discapacidade. Traballamos de forma continua para mellorar a experiencia de uso para todas as persoas e aplicar os est\u00e1ndares de accesibilidade correspondentes.<\/p>\n\n\n\n<h3 class=\"wp-block-heading\">Estado de conformidade<\/h3>\n\n\n\n<p>As Directrices de Accesibilidade para o Contido Web (WCAG) definen os requisitos para que dese\u00f1adores e desenvolvedores melloren a accesibilidade para as persoas con discapacidade. Establecen tres niveis de conformidade: nivel A, nivel AA e nivel AAA.<\/p>\n\n\n\n<p><strong>Costa da Morte Asociaci\u00f3n Tur\u00edstica (CMAT)<\/strong> realiza esforzos constantes para mellorar a accesibilidade do seu sitio web e dos seus servizos, coa convicci\u00f3n de que \u00e9 unha obriga moral colectiva permitir un uso flu\u00eddo, accesible e sen barreiras para as persoas con discapacidade.<\/p>\n\n\n\n<p>O noso obxectivo \u00e9 facer accesibles todas as p\u00e1xinas e contidos de <strong>visitacostadamorte.com<\/strong>, a\u00ednda que alg\u00fans contidos poden non cumprir a\u00ednda totalmente cos est\u00e1ndares m\u00e1is altos de accesibilidade. Isto pode deberse \u00e1s dificultades para identificar a soluci\u00f3n tecnol\u00f3xica m\u00e1is axeitada.<\/p>\n\n\n\n<p>Podemos revisar periodicamente esta declaraci\u00f3n para reflectir melloras ou cambios nas nosas pr\u00e1cticas de accesibilidade.<\/p>\n\n\n\n<h3 class=\"wp-block-heading\">Comentarios<\/h3>\n\n\n\n<p>Agradecemos os teus comentarios sobre a accesibilidade do sitio web de <strong>Costa da Morte Asociaci\u00f3n Tur\u00edstica (CMAT)<\/strong>. Por favor, av\u00edsanos se atopas barreiras de accesibilidade na nosa web:<\/p>\n\n\n\n<p>Correo electr\u00f3nico: <strong>info@visitacostadamorte.com<\/strong><\/p>\n\n\n\n<p>Intentamos responder aos comentarios nun prazo de 3 a 5 d\u00edas h\u00e1biles.<\/p>\n\n\n\n<p>Esta declaraci\u00f3n foi creada o 20\/2\/2026.<\/p>\n","protected":false},"excerpt":{"rendered":"<p>Declaraci\u00f3n de accesibilidade de visitacostadamorte.com Costa da Morte Asociaci\u00f3n Tur\u00edstica (CMAT) est\u00e1 comprometida en garantir a accesibilidade dixital para as persoas con discapacidade. Traballamos de forma continua para mellorar a experiencia de uso para todas as persoas e aplicar os est\u00e1ndares de accesibilidade correspondentes. Estado de conformidade As Directrices de Accesibilidade para o Contido Web [&hellip;]<\/p>\n","protected":false},"author":10,"featured_media":40860,"parent":0,"menu_order":0,"comment_status":"closed","ping_status":"closed","template":"","meta":{"_angie_page":false,"slim_seo":{"title":"Declaraci\u00f3n de accesibilidade - Costa da Morte","description":"Declaraci\u00f3n de accesibilidade de visitacostadamorte.com Costa da Morte Asociaci\u00f3n Tur\u00edstica (CMAT) est\u00e1 comprometida en garantir a accesibilidade dixital para a"},"footnotes":""},"class_list":["post-79658","page","type-page","status-publish","has-post-thumbnail","hentry"],"_links":{"self":[{"href":"https:\/\/visitacostadamorte.com\/gl\/wp-json\/wp\/v2\/pages\/79658","targetHints":{"allow":["GET"]}}],"collection":[{"href":"https:\/\/visitacostadamorte.com\/gl\/wp-json\/wp\/v2\/pages"}],"about":[{"href":"https:\/\/visitacostadamorte.com\/gl\/wp-json\/wp\/v2\/types\/page"}],"author":[{"embeddable":true,"href":"https:\/\/visitacostadamorte.com\/gl\/wp-json\/wp\/v2\/users\/10"}],"replies":[{"embeddable":true,"href":"https:\/\/visitacostadamorte.com\/gl\/wp-json\/wp\/v2\/comments?post=79658"}],"version-history":[{"count":1,"href":"https:\/\/visitacostadamorte.com\/gl\/wp-json\/wp\/v2\/pages\/79658\/revisions"}],"predecessor-version":[{"id":79659,"href":"https:\/\/visitacostadamorte.com\/gl\/wp-json\/wp\/v2\/pages\/79658\/revisions\/79659"}],"wp:featuredmedia":[{"embeddable":true,"href":"https:\/\/visitacostadamorte.com\/gl\/wp-json\/wp\/v2\/media\/40860"}],"wp:attachment":[{"href":"https:\/\/visitacostadamorte.com\/gl\/wp-json\/wp\/v2\/media?parent=79658"}],"curies":[{"name":"wp","href":"https:\/\/api.w.org\/{rel}","templated":true}]}}