{"id":62266,"date":"2024-07-29T18:42:54","date_gmt":"2024-07-29T16:42:54","guid":{"rendered":"https:\/\/great-goldberg.213-199-36-195.plesk.page\/que-facer\/rodeados-de-auga"},"modified":"2024-09-17T18:20:08","modified_gmt":"2024-09-17T16:20:08","slug":"rodeados-de-auga","status":"publish","type":"page","link":"https:\/\/visitacostadamorte.com\/gl\/que-facer\/rodeados-de-auga","title":{"rendered":"Rodeados de auga"},"content":{"rendered":"","protected":false},"excerpt":{"rendered":"","protected":false},"author":7,"featured_media":53732,"parent":62221,"menu_order":0,"comment_status":"closed","ping_status":"closed","template":"","meta":{"_angie_page":false,"slim_seo":{"title":"Rodeados de auga, actividades acu\u00e1ticas na Costa da Morte","description":"Descubre todas as actividades acu\u00e1ticas das que podes desfrutar na Costa da Morte, desde kaiak, surf ou vela para pasar unhas vacaci\u00f3ns incre\u00edbles."},"footnotes":""},"class_list":["post-62266","page","type-page","status-publish","has-post-thumbnail","hentry"],"_links":{"self":[{"href":"https:\/\/visitacostadamorte.com\/gl\/wp-json\/wp\/v2\/pages\/62266","targetHints":{"allow":["GET"]}}],"collection":[{"href":"https:\/\/visitacostadamorte.com\/gl\/wp-json\/wp\/v2\/pages"}],"about":[{"href":"https:\/\/visitacostadamorte.com\/gl\/wp-json\/wp\/v2\/types\/page"}],"author":[{"embeddable":true,"href":"https:\/\/visitacostadamorte.com\/gl\/wp-json\/wp\/v2\/users\/7"}],"replies":[{"embeddable":true,"href":"https:\/\/visitacostadamorte.com\/gl\/wp-json\/wp\/v2\/comments?post=62266"}],"version-history":[{"count":0,"href":"https:\/\/visitacostadamorte.com\/gl\/wp-json\/wp\/v2\/pages\/62266\/revisions"}],"up":[{"embeddable":true,"href":"https:\/\/visitacostadamorte.com\/gl\/wp-json\/wp\/v2\/pages\/62221"}],"wp:featuredmedia":[{"embeddable":true,"href":"https:\/\/visitacostadamorte.com\/gl\/wp-json\/wp\/v2\/media\/53732"}],"wp:attachment":[{"href":"https:\/\/visitacostadamorte.com\/gl\/wp-json\/wp\/v2\/media?parent=62266"}],"curies":[{"name":"wp","href":"https:\/\/api.w.org\/{rel}","templated":true}]}}