{"id":62264,"date":"2024-05-20T13:07:45","date_gmt":"2024-05-20T11:07:45","guid":{"rendered":"https:\/\/great-goldberg.213-199-36-195.plesk.page\/que-facer\/gastronomia"},"modified":"2024-05-20T13:07:45","modified_gmt":"2024-05-20T11:07:45","slug":"gastronomia","status":"publish","type":"page","link":"https:\/\/visitacostadamorte.com\/gl\/que-facer\/gastronomia","title":{"rendered":"Gastronom\u00eda"},"content":{"rendered":"","protected":false},"excerpt":{"rendered":"","protected":false},"author":7,"featured_media":60940,"parent":62221,"menu_order":0,"comment_status":"closed","ping_status":"closed","template":"","meta":{"_angie_page":false,"slim_seo":{"title":"Gastronom\u00eda da Costa da Morte","description":"descobre a t\u00edpica gastronom\u00eda da Costa da Morte, cos mellores peixes e mariscos de Galicia, ademais de produtos da horta e carnes excepcionais."},"footnotes":""},"class_list":["post-62264","page","type-page","status-publish","has-post-thumbnail","hentry"],"_links":{"self":[{"href":"https:\/\/visitacostadamorte.com\/gl\/wp-json\/wp\/v2\/pages\/62264","targetHints":{"allow":["GET"]}}],"collection":[{"href":"https:\/\/visitacostadamorte.com\/gl\/wp-json\/wp\/v2\/pages"}],"about":[{"href":"https:\/\/visitacostadamorte.com\/gl\/wp-json\/wp\/v2\/types\/page"}],"author":[{"embeddable":true,"href":"https:\/\/visitacostadamorte.com\/gl\/wp-json\/wp\/v2\/users\/7"}],"replies":[{"embeddable":true,"href":"https:\/\/visitacostadamorte.com\/gl\/wp-json\/wp\/v2\/comments?post=62264"}],"version-history":[{"count":0,"href":"https:\/\/visitacostadamorte.com\/gl\/wp-json\/wp\/v2\/pages\/62264\/revisions"}],"up":[{"embeddable":true,"href":"https:\/\/visitacostadamorte.com\/gl\/wp-json\/wp\/v2\/pages\/62221"}],"wp:featuredmedia":[{"embeddable":true,"href":"https:\/\/visitacostadamorte.com\/gl\/wp-json\/wp\/v2\/media\/60940"}],"wp:attachment":[{"href":"https:\/\/visitacostadamorte.com\/gl\/wp-json\/wp\/v2\/media?parent=62264"}],"curies":[{"name":"wp","href":"https:\/\/api.w.org\/{rel}","templated":true}]}}