{"id":62183,"date":"2024-05-15T10:30:07","date_gmt":"2024-05-15T08:30:07","guid":{"rendered":"https:\/\/great-goldberg.213-199-36-195.plesk.page\/espazos-naturais"},"modified":"2025-04-07T13:31:14","modified_gmt":"2025-04-07T11:31:14","slug":"espazos-naturais","status":"publish","type":"page","link":"https:\/\/visitacostadamorte.com\/gl\/descobre\/natureza\/espazos-naturais","title":{"rendered":"Espazos naturais"},"content":{"rendered":"","protected":false},"excerpt":{"rendered":"","protected":false},"author":7,"featured_media":59186,"parent":63789,"menu_order":0,"comment_status":"closed","ping_status":"closed","template":"","meta":{"_angie_page":false,"slim_seo":{"title":"Os espazos naturais m\u00e1is impresionantes da Costa da Morte","description":"Descobre os espazos naturais m\u00e1is impresionantes da Costa da Morte. Unha selecci\u00f3n dos lugares que te sorprender\u00e1n e te deixar\u00e1n unha pegada inesquecible."},"footnotes":""},"class_list":["post-62183","page","type-page","status-publish","has-post-thumbnail","hentry"],"_links":{"self":[{"href":"https:\/\/visitacostadamorte.com\/gl\/wp-json\/wp\/v2\/pages\/62183","targetHints":{"allow":["GET"]}}],"collection":[{"href":"https:\/\/visitacostadamorte.com\/gl\/wp-json\/wp\/v2\/pages"}],"about":[{"href":"https:\/\/visitacostadamorte.com\/gl\/wp-json\/wp\/v2\/types\/page"}],"author":[{"embeddable":true,"href":"https:\/\/visitacostadamorte.com\/gl\/wp-json\/wp\/v2\/users\/7"}],"replies":[{"embeddable":true,"href":"https:\/\/visitacostadamorte.com\/gl\/wp-json\/wp\/v2\/comments?post=62183"}],"version-history":[{"count":0,"href":"https:\/\/visitacostadamorte.com\/gl\/wp-json\/wp\/v2\/pages\/62183\/revisions"}],"up":[{"embeddable":true,"href":"https:\/\/visitacostadamorte.com\/gl\/wp-json\/wp\/v2\/pages\/63789"}],"wp:featuredmedia":[{"embeddable":true,"href":"https:\/\/visitacostadamorte.com\/gl\/wp-json\/wp\/v2\/media\/59186"}],"wp:attachment":[{"href":"https:\/\/visitacostadamorte.com\/gl\/wp-json\/wp\/v2\/media?parent=62183"}],"curies":[{"name":"wp","href":"https:\/\/api.w.org\/{rel}","templated":true}]}}