{"id":45656,"date":"2024-05-20T12:40:06","date_gmt":"2024-05-20T10:40:06","guid":{"rendered":"https:\/\/great-goldberg.213-199-36-195.plesk.page\/construccions-emblematicas"},"modified":"2026-04-21T21:55:58","modified_gmt":"2026-04-21T19:55:58","slug":"construccions-emblematicas","status":"publish","type":"page","link":"https:\/\/visitacostadamorte.com\/gl\/descobre\/cultura-e-historia\/construccions-emblematicas","title":{"rendered":"Construcci\u00f3ns emblem\u00e1ticas"},"content":{"rendered":"\n<p>As construci\u00f3ns emblem\u00e1ticas da Costa da Morte son mostra dun pasado no que se aproveitaban todos os recursos desta terra. Son un reflexo dunha cultura que se adaptou a unha xeograf\u00eda e clima e que a d\u00eda de hoxe poder\u00e1s percorrer descubrindo todos os seus segredos. <\/p>\n\n<p>Aqu\u00ed poder\u00e1s atopar todas as construci\u00f3ns emblem\u00e1ticas, toda a informaci\u00f3n que necesitas e as s\u00faas localizaci\u00f3ns.<\/p>\n","protected":false},"excerpt":{"rendered":"<p>As construci\u00f3ns emblem\u00e1ticas da Costa da Morte son mostra dun pasado no que se aproveitaban todos os recursos desta terra. Son un reflexo dunha cultura que se adaptou a unha xeograf\u00eda e clima e que a d\u00eda de hoxe poder\u00e1s percorrer descubrindo todos os seus segredos. Aqu\u00ed poder\u00e1s atopar todas as construci\u00f3ns emblem\u00e1ticas, toda a [&hellip;]<\/p>\n","protected":false},"author":7,"featured_media":54904,"parent":61584,"menu_order":0,"comment_status":"closed","ping_status":"closed","template":"","meta":{"_angie_page":false,"slim_seo":{"title":"Construcciones emblem\u00e1ticas de la Costa da Morte","description":"Descubre todas las construcciones emblem\u00e1ticas de la Costa da Morte en la web de referencia de la Costa da Morte"},"footnotes":""},"class_list":["post-45656","page","type-page","status-publish","has-post-thumbnail","hentry"],"_links":{"self":[{"href":"https:\/\/visitacostadamorte.com\/gl\/wp-json\/wp\/v2\/pages\/45656","targetHints":{"allow":["GET"]}}],"collection":[{"href":"https:\/\/visitacostadamorte.com\/gl\/wp-json\/wp\/v2\/pages"}],"about":[{"href":"https:\/\/visitacostadamorte.com\/gl\/wp-json\/wp\/v2\/types\/page"}],"author":[{"embeddable":true,"href":"https:\/\/visitacostadamorte.com\/gl\/wp-json\/wp\/v2\/users\/7"}],"replies":[{"embeddable":true,"href":"https:\/\/visitacostadamorte.com\/gl\/wp-json\/wp\/v2\/comments?post=45656"}],"version-history":[{"count":1,"href":"https:\/\/visitacostadamorte.com\/gl\/wp-json\/wp\/v2\/pages\/45656\/revisions"}],"predecessor-version":[{"id":68496,"href":"https:\/\/visitacostadamorte.com\/gl\/wp-json\/wp\/v2\/pages\/45656\/revisions\/68496"}],"up":[{"embeddable":true,"href":"https:\/\/visitacostadamorte.com\/gl\/wp-json\/wp\/v2\/pages\/61584"}],"wp:featuredmedia":[{"embeddable":true,"href":"https:\/\/visitacostadamorte.com\/gl\/wp-json\/wp\/v2\/media\/54904"}],"wp:attachment":[{"href":"https:\/\/visitacostadamorte.com\/gl\/wp-json\/wp\/v2\/media?parent=45656"}],"curies":[{"name":"wp","href":"https:\/\/api.w.org\/{rel}","templated":true}]}}