{"id":45620,"date":"2024-05-21T12:32:57","date_gmt":"2024-05-21T10:32:57","guid":{"rendered":"https:\/\/great-goldberg.213-199-36-195.plesk.page\/directiva-da-cmat"},"modified":"2025-07-29T12:49:38","modified_gmt":"2025-07-29T10:49:38","slug":"directiva-da-cmat","status":"publish","type":"page","link":"https:\/\/visitacostadamorte.com\/gl\/cmat\/directiva-da-cmat","title":{"rendered":"Directiva da CMAT"},"content":{"rendered":"\t\t<div data-elementor-type=\"wp-page\" data-elementor-id=\"45620\" class=\"elementor elementor-45620 elementor-4050\" data-elementor-post-type=\"page\">\n\t\t\t\t<div class=\"elementor-element elementor-element-7aaa615a e-flex e-con-boxed e-con e-parent\" data-id=\"7aaa615a\" data-element_type=\"container\" data-e-type=\"container\" data-settings=\"{&quot;background_background&quot;:&quot;classic&quot;,&quot;jet_parallax_layout_list&quot;:[]}\">\n\t\t\t\t\t<div class=\"e-con-inner\">\n\t\t<div class=\"elementor-element elementor-element-57455f88 e-con-full e-flex e-con e-child\" data-id=\"57455f88\" data-element_type=\"container\" data-e-type=\"container\" data-settings=\"{&quot;jet_parallax_layout_list&quot;:[]}\">\n\t\t\t\t<div class=\"elementor-element elementor-element-1707867d elementor-invisible elementor-widget elementor-widget-heading\" data-id=\"1707867d\" data-element_type=\"widget\" data-e-type=\"widget\" data-settings=\"{&quot;_animation&quot;:&quot;fadeIn&quot;}\" data-widget_type=\"heading.default\">\n\t\t\t\t<div class=\"elementor-widget-container\">\n\t\t\t\t\t<h1 class=\"elementor-heading-title elementor-size-default\">Directiva da CMAT<\/h1>\t\t\t\t<\/div>\n\t\t\t\t<\/div>\n\t\t\t\t<div class=\"elementor-element elementor-element-ee3d263 elementor-invisible elementor-widget elementor-widget-text-editor\" data-id=\"ee3d263\" data-element_type=\"widget\" data-e-type=\"widget\" data-settings=\"{&quot;_animation&quot;:&quot;fadeIn&quot;,&quot;_animation_delay&quot;:200}\" data-widget_type=\"text-editor.default\">\n\t\t\t\t<div class=\"elementor-widget-container\">\n\t\t\t\t\t\t\t\t\t<p>Representantes de entidades p\u00fablicas e privadas \u00fanense na CMAT para impulsar o turismo sustentable e de calidade na Costa da Morte.<\/p>\t\t\t\t\t\t\t\t<\/div>\n\t\t\t\t<\/div>\n\t\t\t\t<\/div>\n\t\t\t\t\t<\/div>\n\t\t\t\t<\/div>\n\t\t<div class=\"elementor-element elementor-element-303dc6b e-flex e-con-boxed e-con e-parent\" data-id=\"303dc6b\" data-element_type=\"container\" data-e-type=\"container\" data-settings=\"{&quot;jet_parallax_layout_list&quot;:[]}\">\n\t\t\t\t\t<div class=\"e-con-inner\">\n\t\t<div class=\"elementor-element elementor-element-684d2af e-con-full e-flex e-con e-child\" data-id=\"684d2af\" data-element_type=\"container\" data-e-type=\"container\" data-settings=\"{&quot;jet_parallax_layout_list&quot;:[]}\">\n\t\t\t\t<div class=\"elementor-element elementor-element-0a803aa elementor-widget__width-inherit envato-kit-138-bracket elementor-invisible elementor-widget elementor-widget-text-editor\" data-id=\"0a803aa\" data-element_type=\"widget\" data-e-type=\"widget\" data-settings=\"{&quot;_animation&quot;:&quot;fadeIn&quot;}\" data-widget_type=\"text-editor.default\">\n\t\t\t\t<div class=\"elementor-widget-container\">\n\t\t\t\t\t\t\t\t\t<p>CMAT, Costa da Morte Asociaci\u00f3n Tur\u00edstica<\/p>\t\t\t\t\t\t\t\t<\/div>\n\t\t\t\t<\/div>\n\t\t\t\t<div class=\"elementor-element elementor-element-575af26 elementor-invisible elementor-widget elementor-widget-heading\" data-id=\"575af26\" data-element_type=\"widget\" data-e-type=\"widget\" data-settings=\"{&quot;_animation&quot;:&quot;fadeIn&quot;,&quot;_animation_delay&quot;:200}\" data-widget_type=\"heading.default\">\n\t\t\t\t<div class=\"elementor-widget-container\">\n\t\t\t\t\t<h2 class=\"elementor-heading-title elementor-size-default\">Representantes de entidades p\u00fablicas e privadas na directiva de CMAT<\/h2>\t\t\t\t<\/div>\n\t\t\t\t<\/div>\n\t\t<div class=\"elementor-element elementor-element-64739c7 e-con-full e-flex elementor-invisible e-con e-child\" data-id=\"64739c7\" data-element_type=\"container\" data-e-type=\"container\" data-settings=\"{&quot;animation&quot;:&quot;fadeIn&quot;,&quot;animation_delay&quot;:400,&quot;jet_parallax_layout_list&quot;:[]}\">\n\t\t\t\t<div class=\"elementor-element elementor-element-0d33887 elementor-widget-divider--view-line elementor-invisible elementor-widget elementor-widget-divider\" data-id=\"0d33887\" data-element_type=\"widget\" data-e-type=\"widget\" data-settings=\"{&quot;_animation&quot;:&quot;fadeIn&quot;,&quot;_animation_delay&quot;:400}\" data-widget_type=\"divider.default\">\n\t\t\t\t<div class=\"elementor-widget-container\">\n\t\t\t\t\t\t\t<div class=\"elementor-divider\">\n\t\t\t<span class=\"elementor-divider-separator\">\n\t\t\t\t\t\t<\/span>\n\t\t<\/div>\n\t\t\t\t\t\t<\/div>\n\t\t\t\t<\/div>\n\t\t\t\t<\/div>\n\t\t<div class=\"elementor-element elementor-element-e9823f0 e-con-full e-flex elementor-invisible e-con e-child\" data-id=\"e9823f0\" data-element_type=\"container\" data-e-type=\"container\" data-settings=\"{&quot;animation&quot;:&quot;fadeIn&quot;,&quot;animation_delay&quot;:500,&quot;jet_parallax_layout_list&quot;:[]}\">\n\t\t\t\t<div class=\"elementor-element elementor-element-5f60657 elementor-invisible elementor-widget elementor-widget-text-editor\" data-id=\"5f60657\" data-element_type=\"widget\" data-e-type=\"widget\" data-settings=\"{&quot;_animation&quot;:&quot;fadeIn&quot;,&quot;_animation_delay&quot;:400}\" data-widget_type=\"text-editor.default\">\n\t\t\t\t<div class=\"elementor-widget-container\">\n\t\t\t\t\t\t\t\t\t<p>En Costa da Morte Asociaci\u00f3n Tur\u00edstica (CMAT), a nosa xunta directiva \u00e9 o motor que impulsa as nosas iniciativas e proxectos xunto aos nosos socios. Representando tanto ao sector p\u00fablico (alcaldes) como ao privado (Aptcm), este equipo comprometido traballa incansablemente para promover e desenvolver o turismo na nosa rexi\u00f3n. A nosa xunta directiva re\u00fanese regularmente para planificar estratexias e actividades que beneficien a toda a comunidade.  <\/p>\t\t\t\t\t\t\t\t<\/div>\n\t\t\t\t<\/div>\n\t\t\t\t<\/div>\n\t\t<div class=\"elementor-element elementor-element-4aa0f93 e-grid e-con-full elementor-invisible e-con e-child\" data-id=\"4aa0f93\" data-element_type=\"container\" data-e-type=\"container\" data-settings=\"{&quot;animation&quot;:&quot;fadeIn&quot;,&quot;animation_delay&quot;:400,&quot;jet_parallax_layout_list&quot;:[]}\">\n\t\t\t\t<div class=\"elementor-element elementor-element-1ac4375 elementor-position-top elementor-widget elementor-widget-image-box\" data-id=\"1ac4375\" data-element_type=\"widget\" data-e-type=\"widget\" data-widget_type=\"image-box.default\">\n\t\t\t\t<div class=\"elementor-widget-container\">\n\t\t\t\t\t<div class=\"elementor-image-box-wrapper\"><figure class=\"elementor-image-box-img\"><img decoding=\"async\" src=\"https:\/\/visitacostadamorte.com\/wp-content\/uploads\/elementor\/thumbs\/Jose-Manuel-Lopez-Varela-r9gu6ocr4h2tc3sjbfyscczh1k8u3v0apfk50ry3z4.jpg\" title=\"Jose\u0301 Manuel Lo\u0301pez Varela\" alt=\"Jose\u0301 manuel lo\u0301pez varela\" loading=\"lazy\" \/><\/figure><div class=\"elementor-image-box-content\"><h3 class=\"elementor-image-box-title\">Jos\u00e9 Manuel L\u00f3pez Varela<\/h3><p class=\"elementor-image-box-description\">Alcalde de A Laracha como presidente da CMAT<\/p><\/div><\/div>\t\t\t\t<\/div>\n\t\t\t\t<\/div>\n\t\t\t\t<div class=\"elementor-element elementor-element-88aa1b6 elementor-position-top elementor-widget elementor-widget-image-box\" data-id=\"88aa1b6\" data-element_type=\"widget\" data-e-type=\"widget\" data-widget_type=\"image-box.default\">\n\t\t\t\t<div class=\"elementor-widget-container\">\n\t\t\t\t\t<div class=\"elementor-image-box-wrapper\"><figure class=\"elementor-image-box-img\"><img decoding=\"async\" src=\"https:\/\/visitacostadamorte.com\/wp-content\/uploads\/elementor\/thumbs\/entrevista-margarita-lamela-louzan-alcaldesa-cee-1640254420-1-qofsn1iqb3b88af7lmj08i28hxh02qb4uihk03o59c.jpg\" title=\"entrevista-margarita-lamela-louzan-alcaldesa-cee-1640254420\" alt=\"entrevista-margarita-lamela-louzan-alcaldesa-cee-1640254420\" loading=\"lazy\" \/><\/figure><div class=\"elementor-image-box-content\"><h3 class=\"elementor-image-box-title\">Margarita Lamela Louz\u00e1n<\/h3><p class=\"elementor-image-box-description\">Alcaldesa de Cee como vicepresidenta da CMAT<\/p><\/div><\/div>\t\t\t\t<\/div>\n\t\t\t\t<\/div>\n\t\t\t\t<div class=\"elementor-element elementor-element-3f3680b elementor-position-top elementor-widget elementor-widget-image-box\" data-id=\"3f3680b\" data-element_type=\"widget\" data-e-type=\"widget\" data-widget_type=\"image-box.default\">\n\t\t\t\t<div class=\"elementor-widget-container\">\n\t\t\t\t\t<div class=\"elementor-image-box-wrapper\"><figure class=\"elementor-image-box-img\"><img decoding=\"async\" src=\"https:\/\/visitacostadamorte.com\/wp-content\/uploads\/elementor\/thumbs\/Francisco-Xabier-Dominguez-Traba\u200b-r9gveesf3yy3iy9kxuivutok1yon8vmp1wafv93ogw.jpg\" title=\"Francisco Xabier Domi\u0301nguez Traba\u200b\" alt=\"Francisco xabier domi\u0301nguez traba\u200b\" loading=\"lazy\" \/><\/figure><div class=\"elementor-image-box-content\"><h3 class=\"elementor-image-box-title\">Francisco Xabier Dom\u00ednguez Traba<\/h3><p class=\"elementor-image-box-description\">Alcalde de Corcubi\u00f3n como secretario da CMAT.<\/p><\/div><\/div>\t\t\t\t<\/div>\n\t\t\t\t<\/div>\n\t\t\t\t<\/div>\n\t\t<div class=\"elementor-element elementor-element-7a807bb e-grid e-con-full elementor-invisible e-con e-child\" data-id=\"7a807bb\" data-element_type=\"container\" data-e-type=\"container\" data-settings=\"{&quot;animation&quot;:&quot;fadeIn&quot;,&quot;animation_delay&quot;:400,&quot;jet_parallax_layout_list&quot;:[]}\">\n\t\t\t\t<div class=\"elementor-element elementor-element-0c6e82e elementor-position-top elementor-widget elementor-widget-image-box\" data-id=\"0c6e82e\" data-element_type=\"widget\" data-e-type=\"widget\" data-widget_type=\"image-box.default\">\n\t\t\t\t<div class=\"elementor-widget-container\">\n\t\t\t\t\t<div class=\"elementor-image-box-wrapper\"><figure class=\"elementor-image-box-img\"><img decoding=\"async\" src=\"https:\/\/visitacostadamorte.com\/wp-content\/uploads\/elementor\/thumbs\/Sandra-Vilela-Riveiro-r9gveyj13hp4argwql21t6p8j1zcqit24lzmy2aeu8.jpg\" title=\"Sandra Vilela Riveiro\" alt=\"Sandra vilela riveiro\" loading=\"lazy\" \/><\/figure><div class=\"elementor-image-box-content\"><h3 class=\"elementor-image-box-title\">Sandra Vilela Riveiro<\/h3><p class=\"elementor-image-box-description\">Tenente alcalde do Concello de Mux\u00eda como tesourera da CMAT.<\/p><\/div><\/div>\t\t\t\t<\/div>\n\t\t\t\t<\/div>\n\t\t\t\t<div class=\"elementor-element elementor-element-4818d06 elementor-position-top elementor-widget elementor-widget-image-box\" data-id=\"4818d06\" data-element_type=\"widget\" data-e-type=\"widget\" data-widget_type=\"image-box.default\">\n\t\t\t\t<div class=\"elementor-widget-container\">\n\t\t\t\t\t<div class=\"elementor-image-box-wrapper\"><figure class=\"elementor-image-box-img\"><img decoding=\"async\" src=\"https:\/\/visitacostadamorte.com\/wp-content\/uploads\/elementor\/thumbs\/Pepe-Formoso-Presidente-APTCM-qpicpqg869f7x17buqdd7kkp9aaf1sht6h76ozmkdc.jpg\" title=\"Pepe Formoso Presidente APTCM\" alt=\"Pepe Formoso Presidente APTCM\" loading=\"lazy\" \/><\/figure><div class=\"elementor-image-box-content\"><h3 class=\"elementor-image-box-title\">Pepe Formoso<\/h3><p class=\"elementor-image-box-description\">Presidente de APTCM como vogal da CMAT<\/p><\/div><\/div>\t\t\t\t<\/div>\n\t\t\t\t<\/div>\n\t\t\t\t<div class=\"elementor-element elementor-element-4774af2 elementor-position-top elementor-widget elementor-widget-image-box\" data-id=\"4774af2\" data-element_type=\"widget\" data-e-type=\"widget\" data-widget_type=\"image-box.default\">\n\t\t\t\t<div class=\"elementor-widget-container\">\n\t\t\t\t\t<div class=\"elementor-image-box-wrapper\"><figure class=\"elementor-image-box-img\"><img decoding=\"async\" src=\"https:\/\/visitacostadamorte.com\/wp-content\/uploads\/elementor\/thumbs\/Maria-Lema-xurado-concurso-qwwceathxhd5grjdibm5q10f80s6fm4iqnujln2rog.jpeg\" title=\"Mar\u00eda Lema xurado concurso\" alt=\"Mar\u00eda Lema xurado concurso\" loading=\"lazy\" \/><\/figure><div class=\"elementor-image-box-content\"><h3 class=\"elementor-image-box-title\">Maar\u00eda Lema Santabaya<\/h3><p class=\"elementor-image-box-description\">Concelleira de Turismo de Dumbr\u00eda como vogal da CMAT.<\/p><\/div><\/div>\t\t\t\t<\/div>\n\t\t\t\t<\/div>\n\t\t\t\t<div class=\"elementor-element elementor-element-7ee1a66 elementor-position-top elementor-widget elementor-widget-image-box\" data-id=\"7ee1a66\" data-element_type=\"widget\" data-e-type=\"widget\" data-widget_type=\"image-box.default\">\n\t\t\t\t<div class=\"elementor-widget-container\">\n\t\t\t\t\t<div class=\"elementor-image-box-wrapper\"><figure class=\"elementor-image-box-img\"><img decoding=\"async\" src=\"https:\/\/visitacostadamorte.com\/wp-content\/uploads\/elementor\/thumbs\/Damian-Alvarez-Directivo-de-la-CMAT-qqujxh22az1qjnbs4r8bs1zhpir62x3712v1xy35b4.jpg\" title=\"Damia\u0301n A\u0301lvarez Directivo de la CMAT\" alt=\"Damia\u0301n A\u0301lvarez Directivo De La Cmat\" loading=\"lazy\" \/><\/figure><div class=\"elementor-image-box-content\"><h3 class=\"elementor-image-box-title\">Dami\u00e1n \u00c1lvarez<\/h3><p class=\"elementor-image-box-description\">Secretario de APTCM como vogal da CMAT.<\/p><\/div><\/div>\t\t\t\t<\/div>\n\t\t\t\t<\/div>\n\t\t\t\t<\/div>\n\t\t\t\t<\/div>\n\t\t\t\t\t<\/div>\n\t\t\t\t<\/div>\n\t\t<div class=\"elementor-element elementor-element-257d9cd6 e-flex e-con-boxed e-con e-parent\" data-id=\"257d9cd6\" data-element_type=\"container\" data-e-type=\"container\" data-settings=\"{&quot;background_background&quot;:&quot;slideshow&quot;,&quot;background_slideshow_gallery&quot;:[{&quot;id&quot;:1465,&quot;url&quot;:&quot;https:\\\/\\\/visitacostadamorte.com\\\/wp-content\\\/uploads\\\/asamblea-general-cmat-2024-1709200874.jpg&quot;},{&quot;id&quot;:34412,&quot;url&quot;:&quot;https:\\\/\\\/visitacostadamorte.com\\\/wp-content\\\/uploads\\\/Evento-CMAT-Fitur-2.jpeg&quot;},{&quot;id&quot;:1873,&quot;url&quot;:&quot;https:\\\/\\\/visitacostadamorte.com\\\/wp-content\\\/uploads\\\/cmatenfitur-1579786986.jpg&quot;}],&quot;jet_parallax_layout_list&quot;:[],&quot;background_slideshow_loop&quot;:&quot;yes&quot;,&quot;background_slideshow_slide_duration&quot;:5000,&quot;background_slideshow_slide_transition&quot;:&quot;fade&quot;,&quot;background_slideshow_transition_duration&quot;:500}\">\n\t\t\t\t\t<div class=\"e-con-inner\">\n\t\t<div class=\"elementor-element elementor-element-2f80c405 e-con-full e-flex e-con e-child\" data-id=\"2f80c405\" data-element_type=\"container\" data-e-type=\"container\" data-settings=\"{&quot;jet_parallax_layout_list&quot;:[]}\">\n\t\t\t\t<div class=\"elementor-element elementor-element-922313e elementor-widget__width-inherit envato-kit-138-bracket elementor-invisible elementor-widget elementor-widget-text-editor\" data-id=\"922313e\" data-element_type=\"widget\" data-e-type=\"widget\" data-settings=\"{&quot;_animation&quot;:&quot;fadeIn&quot;}\" data-widget_type=\"text-editor.default\">\n\t\t\t\t<div class=\"elementor-widget-container\">\n\t\t\t\t\t\t\t\t\t<p>Directiva da CMAT<\/p>\t\t\t\t\t\t\t\t<\/div>\n\t\t\t\t<\/div>\n\t\t\t\t<div class=\"elementor-element elementor-element-3ea5a99 elementor-invisible elementor-widget elementor-widget-heading\" data-id=\"3ea5a99\" data-element_type=\"widget\" data-e-type=\"widget\" data-settings=\"{&quot;_animation&quot;:&quot;fadeIn&quot;,&quot;_animation_delay&quot;:200}\" data-widget_type=\"heading.default\">\n\t\t\t\t<div class=\"elementor-widget-container\">\n\t\t\t\t\t<h2 class=\"elementor-heading-title elementor-size-default\">Coordinamos, promovemos e fortalecemos o turismo da Costa da Morte<\/h2>\t\t\t\t<\/div>\n\t\t\t\t<\/div>\n\t\t\t\t<div class=\"elementor-element elementor-element-b979e16 elementor-invisible elementor-widget elementor-widget-text-editor\" data-id=\"b979e16\" data-element_type=\"widget\" data-e-type=\"widget\" data-settings=\"{&quot;_animation&quot;:&quot;fadeIn&quot;,&quot;_animation_delay&quot;:400}\" data-widget_type=\"text-editor.default\">\n\t\t\t\t<div class=\"elementor-widget-container\">\n\t\t\t\t\t\t\t\t\t<p>A directiva da CMAT \u00e9 o \u00f3rgano responsable de liderar e coordinar as acci\u00f3ns estrat\u00e9xicas para o desenvolvemento tur\u00edstico do territorio. Representamos os intereses com\u00fans dos concellos socios e do sector privado, traballando por un destino sostible, competitivo e de calidade. <\/p>\t\t\t\t\t\t\t\t<\/div>\n\t\t\t\t<\/div>\n\t\t\t\t<div class=\"elementor-element elementor-element-4db4806a elementor-position-inline-start elementor-mobile-position-inline-start elementor-view-default elementor-invisible elementor-widget elementor-widget-icon-box\" data-id=\"4db4806a\" data-element_type=\"widget\" data-e-type=\"widget\" data-settings=\"{&quot;_animation&quot;:&quot;fadeIn&quot;,&quot;_animation_delay&quot;:600}\" data-widget_type=\"icon-box.default\">\n\t\t\t\t<div class=\"elementor-widget-container\">\n\t\t\t\t\t\t\t<div class=\"elementor-icon-box-wrapper\">\n\n\t\t\t\t\t\t<div class=\"elementor-icon-box-icon\">\n\t\t\t\t<span  class=\"elementor-icon\">\n\t\t\t\t<svg aria-hidden=\"true\" class=\"e-font-icon-svg e-fas-check\" viewBox=\"0 0 512 512\" xmlns=\"http:\/\/www.w3.org\/2000\/svg\"><path d=\"M173.898 439.404l-166.4-166.4c-9.997-9.997-9.997-26.206 0-36.204l36.203-36.204c9.997-9.998 26.207-9.998 36.204 0L192 312.69 432.095 72.596c9.997-9.997 26.207-9.997 36.204 0l36.203 36.204c9.997 9.997 9.997 26.206 0 36.204l-294.4 294.401c-9.998 9.997-26.207 9.997-36.204-.001z\"><\/path><\/svg>\t\t\t\t<\/span>\n\t\t\t<\/div>\n\t\t\t\n\t\t\t\t\t\t<div class=\"elementor-icon-box-content\">\n\n\t\t\t\t\t\t\t\t\t<h3 class=\"elementor-icon-box-title\">\n\t\t\t\t\t\t<span  >\n\t\t\t\t\t\t\tPlanificaci\u00f3n e xesti\u00f3n\t\t\t\t\t\t<\/span>\n\t\t\t\t\t<\/h3>\n\t\t\t\t\n\t\t\t\t\t\t\t\t\t<p class=\"elementor-icon-box-description\">\n\t\t\t\t\t\tDese\u00f1amos li\u00f1as estrat\u00e9xicas e programas conxuntos para impulsar o turismo na Costa da Morte.\t\t\t\t\t<\/p>\n\t\t\t\t\n\t\t\t<\/div>\n\t\t\t\n\t\t<\/div>\n\t\t\t\t\t\t<\/div>\n\t\t\t\t<\/div>\n\t\t\t\t<div class=\"elementor-element elementor-element-4e6624ac elementor-position-inline-start elementor-mobile-position-inline-start elementor-view-default elementor-invisible elementor-widget elementor-widget-icon-box\" data-id=\"4e6624ac\" data-element_type=\"widget\" data-e-type=\"widget\" data-settings=\"{&quot;_animation&quot;:&quot;fadeIn&quot;,&quot;_animation_delay&quot;:600}\" data-widget_type=\"icon-box.default\">\n\t\t\t\t<div class=\"elementor-widget-container\">\n\t\t\t\t\t\t\t<div class=\"elementor-icon-box-wrapper\">\n\n\t\t\t\t\t\t<div class=\"elementor-icon-box-icon\">\n\t\t\t\t<span  class=\"elementor-icon\">\n\t\t\t\t<svg aria-hidden=\"true\" class=\"e-font-icon-svg e-fas-check\" viewBox=\"0 0 512 512\" xmlns=\"http:\/\/www.w3.org\/2000\/svg\"><path d=\"M173.898 439.404l-166.4-166.4c-9.997-9.997-9.997-26.206 0-36.204l36.203-36.204c9.997-9.998 26.207-9.998 36.204 0L192 312.69 432.095 72.596c9.997-9.997 26.207-9.997 36.204 0l36.203 36.204c9.997 9.997 9.997 26.206 0 36.204l-294.4 294.401c-9.998 9.997-26.207 9.997-36.204-.001z\"><\/path><\/svg>\t\t\t\t<\/span>\n\t\t\t<\/div>\n\t\t\t\n\t\t\t\t\t\t<div class=\"elementor-icon-box-content\">\n\n\t\t\t\t\t\t\t\t\t<h3 class=\"elementor-icon-box-title\">\n\t\t\t\t\t\t<span  >\n\t\t\t\t\t\t\tRepresentaci\u00f3n institucional\t\t\t\t\t\t<\/span>\n\t\t\t\t\t<\/h3>\n\t\t\t\t\n\t\t\t\t\t\t\t\t\t<p class=\"elementor-icon-box-description\">\n\t\t\t\t\t\tActuamos como unha voz com\u00fan ante administraci\u00f3ns, entidades e organismos tur\u00edsticos.\t\t\t\t\t<\/p>\n\t\t\t\t\n\t\t\t<\/div>\n\t\t\t\n\t\t<\/div>\n\t\t\t\t\t\t<\/div>\n\t\t\t\t<\/div>\n\t\t\t\t<div class=\"elementor-element elementor-element-1fa8f264 elementor-position-inline-start elementor-mobile-position-inline-start elementor-view-default elementor-invisible elementor-widget elementor-widget-icon-box\" data-id=\"1fa8f264\" data-element_type=\"widget\" data-e-type=\"widget\" data-settings=\"{&quot;_animation&quot;:&quot;fadeIn&quot;,&quot;_animation_delay&quot;:600}\" data-widget_type=\"icon-box.default\">\n\t\t\t\t<div class=\"elementor-widget-container\">\n\t\t\t\t\t\t\t<div class=\"elementor-icon-box-wrapper\">\n\n\t\t\t\t\t\t<div class=\"elementor-icon-box-icon\">\n\t\t\t\t<span  class=\"elementor-icon\">\n\t\t\t\t<svg aria-hidden=\"true\" class=\"e-font-icon-svg e-fas-check\" viewBox=\"0 0 512 512\" xmlns=\"http:\/\/www.w3.org\/2000\/svg\"><path d=\"M173.898 439.404l-166.4-166.4c-9.997-9.997-9.997-26.206 0-36.204l36.203-36.204c9.997-9.998 26.207-9.998 36.204 0L192 312.69 432.095 72.596c9.997-9.997 26.207-9.997 36.204 0l36.203 36.204c9.997 9.997 9.997 26.206 0 36.204l-294.4 294.401c-9.998 9.997-26.207 9.997-36.204-.001z\"><\/path><\/svg>\t\t\t\t<\/span>\n\t\t\t<\/div>\n\t\t\t\n\t\t\t\t\t\t<div class=\"elementor-icon-box-content\">\n\n\t\t\t\t\t\t\t\t\t<h3 class=\"elementor-icon-box-title\">\n\t\t\t\t\t\t<span  >\n\t\t\t\t\t\t\tImpulso \u00e1 cooperaci\u00f3n\t\t\t\t\t\t<\/span>\n\t\t\t\t\t<\/h3>\n\t\t\t\t\n\t\t\t\t\t\t\t\t\t<p class=\"elementor-icon-box-description\">\n\t\t\t\t\t\tFomentamos a colaboraci\u00f3n p\u00fablico-privada e a creaci\u00f3n de sinerxias entre os actores do sector.\t\t\t\t\t<\/p>\n\t\t\t\t\n\t\t\t<\/div>\n\t\t\t\n\t\t<\/div>\n\t\t\t\t\t\t<\/div>\n\t\t\t\t<\/div>\n\t\t\t\t<div class=\"elementor-element elementor-element-5fa4266 elementor-widget__width-initial elementor-widget elementor-widget-button\" data-id=\"5fa4266\" data-element_type=\"widget\" data-e-type=\"widget\" data-widget_type=\"button.default\">\n\t\t\t\t<div class=\"elementor-widget-container\">\n\t\t\t\t\t\t\t\t\t<div class=\"elementor-button-wrapper\">\n\t\t\t\t\t<a class=\"elementor-button elementor-button-link elementor-size-sm\" href=\"https:\/\/visitacostadamorte.com\/gl\/contacto\">\n\t\t\t\t\t\t<span class=\"elementor-button-content-wrapper\">\n\t\t\t\t\t\t\t\t\t<span class=\"elementor-button-text\">Contacta connosco<\/span>\n\t\t\t\t\t<\/span>\n\t\t\t\t\t<\/a>\n\t\t\t\t<\/div>\n\t\t\t\t\t\t\t\t<\/div>\n\t\t\t\t<\/div>\n\t\t\t\t<\/div>\n\t\t\t\t\t<\/div>\n\t\t\t\t<\/div>\n\t\t<div class=\"elementor-element elementor-element-38a8d751 e-flex e-con-boxed e-con e-parent\" data-id=\"38a8d751\" data-element_type=\"container\" data-e-type=\"container\" data-settings=\"{&quot;jet_parallax_layout_list&quot;:[]}\">\n\t\t\t\t\t<div class=\"e-con-inner\">\n\t\t<div class=\"elementor-element elementor-element-20bba06a e-con-full e-flex e-con e-child\" data-id=\"20bba06a\" data-element_type=\"container\" data-e-type=\"container\" data-settings=\"{&quot;jet_parallax_layout_list&quot;:[]}\">\n\t\t\t\t<div class=\"elementor-element elementor-element-292dbfa4 elementor-widget__width-inherit envato-kit-138-bracket elementor-invisible elementor-widget elementor-widget-text-editor\" data-id=\"292dbfa4\" data-element_type=\"widget\" data-e-type=\"widget\" data-settings=\"{&quot;_animation&quot;:&quot;fadeIn&quot;}\" data-widget_type=\"text-editor.default\">\n\t\t\t\t<div class=\"elementor-widget-container\">\n\t\t\t\t\t\t\t\t\t<p>M\u00e1is sobre persoas CMAT<\/p>\t\t\t\t\t\t\t\t<\/div>\n\t\t\t\t<\/div>\n\t\t\t\t<div class=\"elementor-element elementor-element-34aa7227 elementor-widget__width-inherit elementor-invisible elementor-widget elementor-widget-heading\" data-id=\"34aa7227\" data-element_type=\"widget\" data-e-type=\"widget\" data-settings=\"{&quot;_animation&quot;:&quot;fadeIn&quot;,&quot;_animation_delay&quot;:200}\" data-widget_type=\"heading.default\">\n\t\t\t\t<div class=\"elementor-widget-container\">\n\t\t\t\t\t<h2 class=\"elementor-heading-title elementor-size-default\">Entrevistas CMAT<\/h2>\t\t\t\t<\/div>\n\t\t\t\t<\/div>\n\t\t\t\t<\/div>\n\t\t\t\t\t<\/div>\n\t\t\t\t<\/div>\n\t\t\t\t<\/div>\n\t\t","protected":false},"excerpt":{"rendered":"<p>Directiva da CMAT Representantes de entidades p\u00fablicas e privadas \u00fanense na CMAT para impulsar o turismo sustentable e de calidade na Costa da Morte. CMAT, Costa da Morte Asociaci\u00f3n Tur\u00edstica Representantes de entidades p\u00fablicas e privadas na directiva de CMAT En Costa da Morte Asociaci\u00f3n Tur\u00edstica (CMAT), a nosa xunta directiva \u00e9 o motor que [&hellip;]<\/p>\n","protected":false},"author":7,"featured_media":40860,"parent":61594,"menu_order":0,"comment_status":"closed","ping_status":"closed","template":"","meta":{"_angie_page":false,"slim_seo":{"title":"Directiva da CMAT, Asociaci\u00f3n Tur\u00edstica Costa da Morte","description":"Descobre a directiva da CMAT, Asociaci\u00f3n Tur\u00edstica Costa da Morte que est\u00e1 formada por todos os Concellos da Costa da Morte e pola Asociaci\u00f3n de Profesionais do Sector Tur\u00edstico da Costa da Morte"},"footnotes":""},"class_list":["post-45620","page","type-page","status-publish","has-post-thumbnail","hentry"],"_links":{"self":[{"href":"https:\/\/visitacostadamorte.com\/gl\/wp-json\/wp\/v2\/pages\/45620","targetHints":{"allow":["GET"]}}],"collection":[{"href":"https:\/\/visitacostadamorte.com\/gl\/wp-json\/wp\/v2\/pages"}],"about":[{"href":"https:\/\/visitacostadamorte.com\/gl\/wp-json\/wp\/v2\/types\/page"}],"author":[{"embeddable":true,"href":"https:\/\/visitacostadamorte.com\/gl\/wp-json\/wp\/v2\/users\/7"}],"replies":[{"embeddable":true,"href":"https:\/\/visitacostadamorte.com\/gl\/wp-json\/wp\/v2\/comments?post=45620"}],"version-history":[{"count":3,"href":"https:\/\/visitacostadamorte.com\/gl\/wp-json\/wp\/v2\/pages\/45620\/revisions"}],"predecessor-version":[{"id":70609,"href":"https:\/\/visitacostadamorte.com\/gl\/wp-json\/wp\/v2\/pages\/45620\/revisions\/70609"}],"up":[{"embeddable":true,"href":"https:\/\/visitacostadamorte.com\/gl\/wp-json\/wp\/v2\/pages\/61594"}],"wp:featuredmedia":[{"embeddable":true,"href":"https:\/\/visitacostadamorte.com\/gl\/wp-json\/wp\/v2\/media\/40860"}],"wp:attachment":[{"href":"https:\/\/visitacostadamorte.com\/gl\/wp-json\/wp\/v2\/media?parent=45620"}],"curies":[{"name":"wp","href":"https:\/\/api.w.org\/{rel}","templated":true}]}}