{"id":27181,"date":"2023-06-12T08:30:15","date_gmt":"2023-06-12T06:30:15","guid":{"rendered":"https:\/\/great-goldberg.213-199-36-195.plesk.page\/politica-de-cookies"},"modified":"2024-09-17T19:34:25","modified_gmt":"2024-09-17T17:34:25","slug":"politica-de-cookies","status":"publish","type":"page","link":"https:\/\/visitacostadamorte.com\/gl\/politica-de-cookies","title":{"rendered":"Pol\u00edtica de Cookies"},"content":{"rendered":"\n<h2 class=\"wp-block-heading\">\u00bfQu\u00e9 son as cookies?<\/h2>\n\n<p>En ingl\u00e9s, o termo &#8220;cookie&#8221; significa galeta, pero no \u00e1mbito da navegaci\u00f3n web, unha &#8220;cookie&#8221; \u00e9 algo completamente distinto. Cando accede ao noso Sitio Web, no navegador do seu dispositivo almac\u00e9nase unha pequena cantidade de texto que se denomina &#8220;cookie&#8221;. Este texto cont\u00e9n informaci\u00f3n variada sobre a s\u00faa navegaci\u00f3n, h\u00e1bitos, preferencias, personalizaci\u00f3ns de contidos, etc&#8230;<\/p>\n\n<p>Existen outras tecnolox\u00edas que funcionan de maneira similar e que tam\u00e9n se usan para recompilar datos sobre tu actividade de navegaci\u00f3n. Chamaremos &#8220;cookies&#8221; a todas estas tecnolox\u00edas no seu conxunto.<\/p>\n\n<p>Os usos concretos que facemos destas tecnolox\u00edas descr\u00edbense neste documento.<\/p>\n\n<h2 class=\"wp-block-heading\">\u00bfPara qu\u00e9 se utilizan as cookies nesta web?<\/h2>\n\n<p>As cookies son unha parte esencial de c\u00f3mo funciona o Sitio Web. O obxectivo principal das nosas cookies \u00e9 mellorar a s\u00faa experiencia na navegaci\u00f3n. Por exemplo, para recordar as s\u00faas preferencias (idioma, pa\u00eds, etc.) durante a navegaci\u00f3n e en futuras visitas. A informaci\u00f3n recollida nas cookies nos permite ademais mellorar a web, adaptala aos seus intereses como usuario, acelerar as buscas que realice, etc..<\/p>\n\n<p>En determinados casos, se fixemos obtido o seu consentimento informado, poderemos utilizar cookies para outros usos, como por exemplo para obter informaci\u00f3n que nos permita mostrarlle publicidade superada na an\u00e1lise dos seus h\u00e1bitos de navegaci\u00f3n.<\/p>\n\n<h2 class=\"wp-block-heading\">\u00bfPara qu\u00e9 non se utilizan as cookies nesta web?<\/h2>\n\n<p>Nas cookies que utilizamos non se almacena informaci\u00f3n sensible de identificaci\u00f3n persoal como o seu nome, enderezo, tu contrase\u00f1a, etc&#8230;<\/p>\n\n<h2 class=\"wp-block-heading\">\u00bfQuen utiliza a informaci\u00f3n almacenada nas cookies?<\/h2>\n\n<p>A informaci\u00f3n almacenada nas cookies do noso Sitio Web \u00e9 utilizada exclusivamente por nosoutros, coa excepci\u00f3n daquelas identificadas m\u00e1is adiante como &#8220;cookie de terceiros&#8221;, que son utilizadas e xestionadas por entidades externas que nos proporcionan servizos que melloran a experiencia do usuario. Por exemplo as estat\u00edsticas que se recollen sobre o n\u00famero de visitas, o contido que m\u00e1is gusta, etc&#8230; o sole xestionar Google Analytics.<\/p>\n\n<h2 class=\"wp-block-heading\">\u00bfC\u00f3mo pode evitar o uso de cookies neste sitio web?<\/h2>\n\n<p>Se prefire evitar o uso das cookies, pode REXEITAR o seu uso ou pode CONFIGURAR as que quere evitar e as que permite utilizar (neste documento lle damos informaci\u00f3n ampliada ao respecto de cada tipo de cookie, a s\u00faa finalidade, destinatario, temporalidade, etc&#8230; ).<\/p>\n\n<p>Se as aceptou, non volveremos a preguntarlle a menos que borre as cookies no seu dispositivo segundo se indica no punto seguinte. Se quere revogar o consentimento ter\u00e1 que eliminar as cookies e volver configuralas.<\/p>\n\n<h2 class=\"wp-block-heading\">\u00bfC\u00f3mo deshabilito e elimino a utilizaci\u00f3n de cookies?<\/h2>\n\n<p>O titular mostra informaci\u00f3n sobre a s\u00faa pol\u00edtica de cookies no banner de cookies accesible en todas as p\u00e1xinas do Sitio Web. O banner de cookies mostra informaci\u00f3n esencial sobre o tratamento de datos e perm\u00edtelle ao Usuario realizar as seguintes acci\u00f3ns:<\/p>\n\n<ul class=\"wp-block-list\">\n<li>ACEPTAR ou REXEITA-la instalaci\u00f3n de cookies, ou retira-lo consentimento previamente outorgado.<\/li>\n\n\n\n<li>Cambiar as preferencias de cookies desde a p\u00e1xina Personalizar Cookies, \u00e1 que pode acceder desde o Aviso de Cookies ou desde a p\u00e1xina de <a href=\"\/#gdpr_cookie_modal\">Personalizar Cookies<\/a>.<\/li>\n\n\n\n<li>Obter informaci\u00f3n adicional na p\u00e1xina de <a href=\"https:\/\/visitacostadamorte.com\/gl\/politica-de-cookies\">Pol\u00edtica de Cookies<\/a>.<\/li>\n<\/ul>\n\n<p>Para restrinxir, bloquear ou borrar as cookies deste Sitio Web (e as usada por terceiros) pode facelo, en calquera momento, modificando a configuraci\u00f3n do seu navegador. Te\u00f1a en conta que esta configuraci\u00f3n \u00e9 diferente en cada navegador.<\/p>\n\n<p>Nos seguintes enlaces atopar\u00e1 instruci\u00f3ns para habilitar ou deshabilitar as cookies nos navegadores m\u00e1is com\u00fans.<\/p>\n\n<ul class=\"wp-block-list\">\n<li><a href=\"http:\/\/support.mozilla.org\/es\/kb\/habilitar-y-deshabilitar-cookies-que-los-sitios-we\" target=\"_blank\" rel=\"noreferrer noopener\">Firefox<\/a><\/li>\n\n\n\n<li><a href=\"https:\/\/support.google.com\/chrome\/answer\/95647?hl=es\" target=\"_blank\" rel=\"noreferrer noopener\">Google Chrome<\/a><\/li>\n\n\n\n<li><a href=\"https:\/\/support.microsoft.com\/es-es\/help\/17442\/windows-internet-explorer-delete-manage-cookies#ie=%22ie-10\" target=\"_blank\" rel=\"noreferrer noopener\">Internet Explorer<\/a><\/li>\n\n\n\n<li><a href=\"https:\/\/support.microsoft.com\/es-es\/help\/4468242\/microsoft-edge-browsing-data-and-privacy\" target=\"_blank\" rel=\"noreferrer noopener\">Microsoft Edge<\/a><\/li>\n\n\n\n<li><a href=\"http:\/\/support.apple.com\/kb\/HT1677?viewlocale=es_ES\" target=\"_blank\" rel=\"noreferrer noopener\">Safari<\/a><\/li>\n<\/ul>\n\n<h2 class=\"wp-block-heading\">\u00bfQu\u00e9 tipos de cookies se utilizan en esta p\u00e1gina web?<\/h2>\n\n<p>Cada p\u00e1xina web utiliza as s\u00faas propias cookies. Na nosa web utilizamos as que se indican a continuaci\u00f3n:<\/p>\n\n<p><strong>Segundo a entidade que o xestiona<\/strong><\/p>\n\n<p><strong>Cookies propias:<\/strong><\/p>\n\n<p>Son aquelas que se env\u00edan \u00f3 equipo terminal do Usuario desde un equipo ou dominio xestionado polo propio editor e desde o que se presta o servicio solicitado polo usuario.<\/p>\n\n<p><strong>Cookies de terceiros:<\/strong><\/p>\n\n<p>Son aquelas que se env\u00edan ao equipo terminal do Usuario desde un equipo ou dominio que non \u00e9 xestionado polo editor, sen\u00f3n por outra entidade que trata os datos obtidos trav\u00e9s das cookies.<\/p>\n\n<p>No caso de que as cookies sexan servidas desde un equipo ou dominio xestionado polo propio editor, pero a informaci\u00f3n que se recolla mediante estas sexa xestionada por un terceiro, non poden ser consideradas como cookies propias se o terceiro as utiliza para as s\u00faas propias finalidades (por exemplo, a mellora dos servizos que presta ou a prestaci\u00f3n de servicios de car\u00e1cter publicitario a favor doutras entidades).<\/p>\n\n<p><strong>Segundo a s\u00faa finalidade<\/strong><\/p>\n\n<p><strong>Cookies t\u00e9cnicas:<\/strong><\/p>\n\n<p>Son aquelas necesarias para a navegaci\u00f3n e o bo funcionamento do noso Sitio Web, como por exemplo, controla-lo tr\u00e1fico e a comunicaci\u00f3n de datos, identifica-la sesi\u00f3n, acceder a partes de acceso restrinxido, realiza-la solicitude de inscrici\u00f3n ou participaci\u00f3n nun evento, contar visitas para efectos da facturaci\u00f3n de licenzas do software co que funciona o servicio do Sitio Web,  utilizar elementos de seguridade durante a navegaci\u00f3n, almacenar contidos para a difusi\u00f3n de v\u00eddeos ou son, habilitar contidos din\u00e1micos (por exemplo, animaci\u00f3n de carga dun texto ou imaxe) ou compartir contidos a trav\u00e9s de redes sociais.<\/p>\n\n<p><strong>Cookies de an\u00e1lise:<\/strong><\/p>\n\n<p>Permiten cuantificar o n\u00famero de usuarios e as\u00ed realizar a medici\u00f3n e an\u00e1lise estat\u00edstica da utilizaci\u00f3n que fan os usuarios do Sitio Web.<\/p>\n\n<p><strong>Cookies de preferencias ou personalizaci\u00f3n:<\/strong><\/p>\n\n<p>Son aquelas que permiten recordar informaci\u00f3n para que o usuario acceda \u00f3 servicio con determinadas caracter\u00edsticas que poden diferencia-la s\u00faa experiencia da doutros usuarios, como, por exemplo, o idioma, o n\u00famero de resultados a mostrar cando o Usuario realiza unha busca, o aspecto ou contido do servizo en funci\u00f3n do tipo de navegador a trav\u00e9s do cal o Usuario accede ao servizo ou da rexi\u00f3n desde a que accede ao servizo.  etc.<\/p>\n\n<p><strong>Segundo o prazo de tempo que permanecen activadas<\/strong><\/p>\n\n<p><strong>Cookies de sesi\u00f3n:<\/strong><\/p>\n\n<p>Son aquelas dese\u00f1adas para socabar e almacenar datos mentres o Usuario accede a unha p\u00e1xina web.<\/p>\n\n<p>Solense empregar para almacenar informaci\u00f3n que s\u00f3 interesa conservar para a prestaci\u00f3n do servizo solicitado polo Usuario nunha soa ocasi\u00f3n (por exemplo, unha lista de produtos adquiridos) e desaparecen ao terminar a sesi\u00f3n.<\/p>\n\n<p><strong>Cookies persistentes:<\/strong><\/p>\n\n<p>Son aquelas nas que os datos seguen almacenados no terminal e poden ser accedidos e tratados durante un perido definido polo responsable da cookie, e que pode ir duns minutos a varios anos. A este respecto d\u00e9bese valorar especificamente se \u00e9 necesaria a utilizaci\u00f3n de cookies persistentes, posto que os riscos para a privacidade se poder\u00edan reducir mediante a utilizaci\u00f3n de cookies de sesi\u00f3n. En todo caso, cando se instalen cookies persistentes, recom\u00e9ndase reducir ao m\u00ednimo necesario a s\u00faa duraci\u00f3n temporal atendendo \u00e1 finalidade do seu uso. Para estes efectos, o ditame 4\/2012 do GT29 indicou que para que unha cookie poida estar exenta do deber de consentimento informado, a s\u00faa caducidade debe estar relacionada coa s\u00faa finalidade. Debido a iso, \u00e9 moito m\u00e1is probable que se consideren como exceptuadas as cookies de sesi\u00f3n que as persistentes.<\/p>\n\n<p><strong>Detalle de cookies utilizadas nesta web:<\/strong><\/p>\n","protected":false},"excerpt":{"rendered":"<p>\u00bfQu\u00e9 son as cookies? En ingl\u00e9s, o termo &#8220;cookie&#8221; significa galeta, pero no \u00e1mbito da navegaci\u00f3n web, unha &#8220;cookie&#8221; \u00e9 algo completamente distinto. Cando accede ao noso Sitio Web, no navegador do seu dispositivo almac\u00e9nase unha pequena cantidade de texto que se denomina &#8220;cookie&#8221;. Este texto cont\u00e9n informaci\u00f3n variada sobre a s\u00faa navegaci\u00f3n, h\u00e1bitos, preferencias, [&hellip;]<\/p>\n","protected":false},"author":7,"featured_media":40860,"parent":0,"menu_order":0,"comment_status":"closed","ping_status":"closed","template":"","meta":{"_angie_page":false,"slim_seo":{"title":"Pol\u00edtica de Cookies - Costa da Morte","description":"\u00bfQu\u00e9 son as cookies? En ingl\u00e9s, o termo \"cookie\" significa galeta, pero no \u00e1mbito da navegaci\u00f3n web, unha \"cookie\" \u00e9 algo completamente distinto. Cando accede a"},"footnotes":""},"class_list":["post-27181","page","type-page","status-publish","has-post-thumbnail","hentry"],"_links":{"self":[{"href":"https:\/\/visitacostadamorte.com\/gl\/wp-json\/wp\/v2\/pages\/27181","targetHints":{"allow":["GET"]}}],"collection":[{"href":"https:\/\/visitacostadamorte.com\/gl\/wp-json\/wp\/v2\/pages"}],"about":[{"href":"https:\/\/visitacostadamorte.com\/gl\/wp-json\/wp\/v2\/types\/page"}],"author":[{"embeddable":true,"href":"https:\/\/visitacostadamorte.com\/gl\/wp-json\/wp\/v2\/users\/7"}],"replies":[{"embeddable":true,"href":"https:\/\/visitacostadamorte.com\/gl\/wp-json\/wp\/v2\/comments?post=27181"}],"version-history":[{"count":0,"href":"https:\/\/visitacostadamorte.com\/gl\/wp-json\/wp\/v2\/pages\/27181\/revisions"}],"wp:featuredmedia":[{"embeddable":true,"href":"https:\/\/visitacostadamorte.com\/gl\/wp-json\/wp\/v2\/media\/40860"}],"wp:attachment":[{"href":"https:\/\/visitacostadamorte.com\/gl\/wp-json\/wp\/v2\/media?parent=27181"}],"curies":[{"name":"wp","href":"https:\/\/api.w.org\/{rel}","templated":true}]}}