{"id":27158,"date":"2023-06-12T08:30:15","date_gmt":"2023-06-12T06:30:15","guid":{"rendered":"https:\/\/great-goldberg.213-199-36-195.plesk.page\/politica-de-privacidade"},"modified":"2024-09-17T19:34:25","modified_gmt":"2024-09-17T17:34:25","slug":"politica-de-privacidade","status":"publish","type":"page","link":"https:\/\/visitacostadamorte.com\/gl\/politica-de-privacidade","title":{"rendered":"Pol\u00edtica de Privacidade"},"content":{"rendered":"\n<p>&#8220;Costa da Morte Asociaci\u00f3n Tur\u00edstica&#8221; inf\u00f3rmate sobre a s\u00faa Pol\u00edtica de Privacidade respecto do tratamento e protecci\u00f3n dos datos de car\u00e1cter persoal dos usuarios e clientes que poidan ser recadados pola navegaci\u00f3n ou contrataci\u00f3n de servizos a trav\u00e9s do sitio web <a href=\"https:\/\/www.visitacostadamorte.com\/\">https:\/\/www.visitacostadamorte.com\/<\/a>.<\/p>\n\n<p>Neste sentido, o titular garante o cumprimento da normativa vixente en materia de protecci\u00f3n de datos persoais, reflectida na Lei org\u00e1nica 3\/2018, do 5 de decembro, de protecci\u00f3n de datos persoais e de garant\u00eda de dereitos dixitais (LOPD GDD). Cumpre tam\u00e9n co Regulamento (UE) 2016\/679 do Parlamento Europeo e do Consello do 27 de abril de 2016 relativo \u00e1 protecci\u00f3n das persoas f\u00edsicas (RGPD).<\/p>\n\n<p>O uso de sitio Web implica a aceptaci\u00f3n desta Pol\u00edtica de Privacidade as\u00ed como as condici\u00f3ns inclu\u00eddas no Aviso Legal.<\/p>\n\n<h3 class=\"wp-block-heading\" id=\"identidad-del-responsable\">Identidade do responsable<\/h3>\n\n<ul class=\"wp-block-list\">\n<li>Titular: Costa da Morte Asociaci\u00f3n Tur\u00edstica<\/li>\n\n\n\n<li>NIF\/CIF: G15870025<\/li>\n\n\n\n<li>Domicilio: PQ LIRES 82 15270 CEE (Coru\u00f1a, A) Espa\u00f1a<\/li>\n\n\n\n<li>Correo electr\u00f3nico: <a href=\"mailto:info@visitacostadamorte.com\">info@visitacostadamorte.com<\/a><\/li>\n\n\n\n<li>Sitio Web: <a href=\"https:\/\/www.visitacostadamorte.com\/\"><\/a><a href=\"https:\/\/www.visitacostadamorte.com\/\">https:\/\/www.visitacostadamorte.com\/<\/a><\/li>\n<\/ul>\n\n<h3 class=\"wp-block-heading\" id=\"principios-aplicados-en-el-tratamiento-de-datos\">Principios aplicados no tratamento de datos<\/h3>\n\n<p>No tratamento de tus datos persoais, o titular aplicar\u00e1 os seguintes principios que se axustan \u00e1s exixencias do novo regulamento europeo de protecci\u00f3n de datos:<\/p>\n\n<ul class=\"wp-block-list\">\n<li><strong>Principio de licitude, lealdade e transparencia:<\/strong> O Titular sempre requirir\u00e1 o consentimento para o tratamento de tus datos persoais que pode ser para un ou varios fins espec\u00edficos sobre os que te informar\u00e1 previamente con absoluta transparencia.<\/li>\n\n\n\n<li><strong>Principio de minimizaci\u00f3n de datos:<\/strong> O titular te solicitar\u00e1 s\u00f3 os datos estrictamente necesarios para o fin ou os fins que os solicita.<\/li>\n\n\n\n<li><strong>Principio de limitaci\u00f3n do prazo de conservaci\u00f3n:<\/strong> Os datos manteranse durante o tempo estritamente necesario para o fin ou os fins do tratamento.<br\/>O titular ter\u00e1 do prazo de conservaci\u00f3n correspondente segundo a finalidade. No caso de subscrici\u00f3ns, o titular revisar\u00e1 periodicamente as listas e eliminar\u00e1 aqueloutros inactivos durante un tempo considerable.<\/li>\n\n\n\n<li><strong>Principio de integridade e confidencialidade:<\/strong> Tus datos ser\u00e1n tratados de tal maneira que a s\u00faa seguridade, confidencialidade e integridade estea garantida. Debes saber que o titular toma as precauci\u00f3ns necesarias para evita-lo acceso non autorizado ou uso indebido dos datos dos seus usuarios por parte de terceiros.<\/li>\n<\/ul>\n\n<h3 class=\"wp-block-heading\" id=\"obtenci&#xF3;n-de-datos-personales\">Obtenci\u00f3n de datos persoais<\/h3>\n\n<p>Para navegar por SITIO-WEB non \u00e9 necesario que facilites ning\u00fan dato persoal. Os casos nos que si proporcionas tus datos persoais son os seguintes:<\/p>\n\n<ul class=\"wp-block-list\">\n<li>\u00d3 contactar a trav\u00e9s dos formularios de contacto ou enviar un correo electr\u00f3nico.<\/li>\n\n\n\n<li>\u00d3 realizar un comentario nun artigo ou p\u00e1xina.<\/li>\n\n\n\n<li>\u00d3 inscribirte nun formulario de subscrici\u00f3n ou un bolet\u00edn que o titular xestiona con MailerLite.<\/li>\n<\/ul>\n\n<h3 class=\"wp-block-heading\" id=\"tus-derechos\">Tus dereitos<\/h3>\n\n<p>O titular te informa que sobre tus datos persoais ten dereito a:<\/p>\n\n<ul class=\"wp-block-list\">\n<li>Solicita-lo acceso \u00f3s datos almacenados.<\/li>\n\n\n\n<li>Solicitar unha rectificaci\u00f3n ou a cancelaci\u00f3n.<\/li>\n\n\n\n<li>Solicita-la limitaci\u00f3n do seu tratamento.<\/li>\n\n\n\n<li>Opo\u00f1erte \u00f3 tratamento.<\/li>\n\n\n\n<li>Solicita-la portabilidade de tus datos.<\/li>\n<\/ul>\n\n<p>O exercicio destes dereitos \u00e9 persoal e por tanto debe ser exercido directamente polo interesado, solicit\u00e1ndoo directamente ao titular, o que significa que calquera cliente, subscritor ou colaborador que facilitase os seus datos nalg\u00fan momento se pode dirixir ao titular e pedir informaci\u00f3n sobre os datos que ten almacenados e como os obtidos,  solicita-la s\u00faa rectificaci\u00f3n, solicita-la portabilidade dos seus datos persoais, opo\u00f1erse \u00f3 tratamento, limita-lo seu uso ou solicita-la cancelaci\u00f3n deses datos nos ficheiros do titular.<\/p>\n\n<p>Para exercer tus dereitos de acceso, rectificaci\u00f3n, cancelaci\u00f3n, portabilidade e oposici\u00f3n ten que enviar un correo electr\u00f3nico a <a href=\"mailto:info@visitacostadamorte.com\">info@visitacostadamorte.com<\/a> xunto coa proba v\u00e1lida en dereito como unha fotocopia do D.N.I. o equivalente.<\/p>\n\n<p>Ten dereito \u00e1 tutela xudicial efectiva e a presentar unha reclamaci\u00f3n ante a autoridade de control, neste caso, a Axencia Espa\u00f1ola de Protecci\u00f3n de Datos, se consideras que o tratamento de datos persoais que te concernen infrinxe o regulamento.<\/p>\n\n<h3 class=\"wp-block-heading\" id=\"finalidad-del-tratamiento-de-datos-personales\">Finalidade do tratamento de datos persoais<\/h3>\n\n<p>Cando te conectas ao sitio Web para mandar un correo ao Titular, te subscribes ao seu bolet\u00edn ou realizas unha contrataci\u00f3n, est\u00e1s a facilitar informaci\u00f3n de car\u00e1cter persoal da que o responsable \u00e9 o Titular. Esta informaci\u00f3n pode inclu\u00edr datos de car\u00e1cter persoal como poden ser tur\u00edstico IP, nome e apelidos, direcci\u00f3n f\u00edsica, direcci\u00f3n de correo electr\u00f3nico, n\u00famero de tel\u00e9fono, e outra informaci\u00f3n. Ao facilitar esta informaci\u00f3n, o tu consentimento para que tivese sexa recompilada, utilizada, xestionada e almacenada por superadmin.es , s\u00f3 como se describe no Aviso Legal e nesta Pol\u00edtica de Privacidade.<\/p>\n\n<p>Os datos persoais e a finalidade do tratamento por parte do titular \u00e9 diferente segundo o sistema de captura de informaci\u00f3n:<\/p>\n\n<ul class=\"wp-block-list\">\n<li><strong>Formularios de contacto:<\/strong> O titular solicita datos persoais entre os que poden estar: Nome e apelidos, direcci\u00f3n de correo electr\u00f3nico, n\u00famero de tel\u00e9fono e direcci\u00f3n de tu sitio Web coa finalidade de responder a tus consultas.<br\/>Por exemplo, o titular utiliza eses datos para dar resposta a tus mensaxes. d\u00fabidas, queixas, comentarios ou inquietudes que poidas ter relativas \u00e1 informaci\u00f3n inclu\u00edda no sitio Web, os servizos que se prestan a trav\u00e9s do sitio Web, o tratamento de tus datos persoais, cuesti\u00f3ns referentes aos textos legais inclu\u00eddos no sitio Web,  as\u00ed como calquera outra consulta que poidas ter e que non estea suxeita \u00e1s condici\u00f3ns do sitio Web ou da contrataci\u00f3n.<\/li>\n\n\n\n<li><strong>Formularios de subscrici\u00f3n a contidos:<\/strong> O Titular solicita os seguintes datos persoais: Nome e apelidos, enderezo de correo electr\u00f3nico, n\u00famero de tel\u00e9fono e enderezo de tu sitio web para xestionar a lista de subscrici\u00f3ns, enviar bolet\u00edns, promoci\u00f3ns e ofertas especiais.<br\/>Os datos que facilites ao Titular estar\u00e1n situados nos servidores de The Rocket Science Group LLC d\/b\/a, con domicilio en EEUU. (Mailchimp).<\/li>\n<\/ul>\n\n<p>Existen outras finalidades polas que o titular trata tus datos persoais:<\/p>\n\n<ul class=\"wp-block-list\">\n<li>Para garanti-lo cumprimento das condici\u00f3ns recollidas no Aviso Legal e na lei aplicable. Isto pode inclu\u00edr o desenvolvemento de xeramentas e algoritmos que axuden a este sitio Web a garantir a confidencialidade dos datos persoais que recolle.<\/li>\n\n\n\n<li>Para apoiar e mellorar os servizos que ofrece este sitio Web.<\/li>\n\n\n\n<li>Para analizar a navegaci\u00f3n. O titular recolle outros datos non identificativos que se obte\u00f1en mediante o uso de cookies que se descargan en quendador cando navegas polo sitio Web cuxas caracter\u00edsiticas e finalidade est\u00e1n detalladas na Pol\u00edtica de Cookies .<\/li>\n\n\n\n<li>Para xestionar as redes sociais. o Titular ten presenza en redes sociais. Se te faces seguidor nas redes sociais do titular o tratamento dos datos persoais rexerase por este punto, as\u00ed como por aquelas condici\u00f3ns de uso, pol\u00edticas de privacidade e normativas de acceso que pertenzan \u00e1 rede social que proceda en cada caso e que aceptase previamente.<\/li>\n<\/ul>\n\n<p>Podes consulta-las pol\u00edticas de privacidade das principais redes sociais nestes enlaces:<\/p>\n\n<ul class=\"wp-block-list\">\n<li>Facebook<\/li>\n\n\n\n<li>Twitter<\/li>\n\n\n\n<li>Linkedin<\/li>\n\n\n\n<li>YouTube<\/li>\n\n\n\n<li>Instagram<\/li>\n<\/ul>\n\n<p>O titular tratar\u00e1 tus datos persoais coa finalidade de administrar correctamente a s\u00faa presencia na rede social, informarte das s\u00faas actividades, productos ou servicios, as\u00ed como para calquera outra finalidade que as normativas das redes sociais permitan.<\/p>\n\n<p>En ning\u00fan caso o titular utilizar\u00e1 os perf\u00eds de seguidores en redes sociais para enviar publicidade de maneira individual.<\/p>\n\n<h3 class=\"wp-block-heading\" id=\"seguridad-de-los-datos-personales\">Seguridade dos datos persoais<\/h3>\n\n<p>Para protexer tus datos persoais, o titular toma t\u00f3dalas precauci\u00f3ns razoables e segue as mellores pr\u00e1cticas da industria para evita-la s\u00faa perda, mal uso, acceso indebido, divulgaci\u00f3n, alteraci\u00f3n ou destrucci\u00f3n deles.<\/p>\n\n<p>O sitio Web est\u00e1 aloxado en CONTABO LTD. A seguridade de tus datos est\u00e1 garantida, xa que toman todas as medidas de seguridade necesarias para iso. Podes consulta-la s\u00faa pol\u00edtica de privacidade para ter m\u00e1is informaci\u00f3n.<\/p>\n\n<h3 class=\"wp-block-heading\" id=\"contenido-de-otros-sitios-web\">Contido doutros sitios web<\/h3>\n\n<p>As p\u00e1xinas deste sitio Web poden inclu\u00edr contido incrustado (por exemplo, v\u00eddeos, imaxes, artigos, etc.). O contido incrustado doutras web comportase exactamente da mesma maneira que se houbese visitase a outra web.<\/p>\n\n<p>Estes sitios Web poden recompilar datos sobre ti, utilizar cookies, incrustar un c\u00f3digo de seguimento adicional de terceiros, e supervisar tu interacci\u00f3n usando este c\u00f3digo.<\/p>\n\n<h3 class=\"wp-block-heading\" id=\"pol&#xED;tica-de-cookies\">Pol\u00edtica de Cookies<\/h3>\n\n<p>Para que este sitio Web funcione correctamente necesita utilizar cookies, que \u00e9 unha informaci\u00f3n que se almacena en tu navegador web.<\/p>\n\n<p>Na p\u00e1xina <a href=\"https:\/\/visitacostadamorte.com\/gl\/politica-de-cookies\" data-type=\"page\" data-id=\"14\">Pol\u00edtica de Cookies<\/a> podes consultar toda a informaci\u00f3n relativa \u00e1 pol\u00edtica de recollida, a finalidade e o tratamento das cookies.<\/p>\n\n<h3 class=\"wp-block-heading\" id=\"legitimaci&#xF3;n-para-el-tratamiento-de-datos\">Lexitimaci\u00f3n para o tratamento de datos<\/h3>\n\n<p>A base legal para o tratamento de tus datos \u00e9: o consentimento.<\/p>\n\n<p>Para contactar co Titular, subscribirte un bolet\u00edn ou realizar comentarios neste sitio Web ten que aceptar esta Pol\u00edtica de Privacidade.<\/p>\n\n<h3 class=\"wp-block-heading\" id=\"categor&#xED;as-de-datos-personales\">Categor\u00edas de datos persoais<\/h3>\n\n<p>As categor\u00edas de datos persoais que trata o titular son:<\/p>\n\n<ul class=\"wp-block-list\">\n<li>Datos identificativos.<\/li>\n<\/ul>\n\n<h3 class=\"wp-block-heading\" id=\"conservaci&#xF3;n-de-datos-personales\">Conservaci\u00f3n de datos persoais<\/h3>\n\n<p>Os datos persoais que proporci\u00f3ns \u00f3 titular conservaranse ata que solicites a s\u00faa supresi\u00f3n.<\/p>\n\n<h3 class=\"wp-block-heading\" id=\"destinatarios-de-datos-personales\">Destinatarios de datos persoais<\/h3>\n\n<p>ELIMINA OS QUE NON USES:<\/p>\n\n<ul class=\"wp-block-list\">\n<li><strong>Mailchimp<\/strong> The Rocket Science Group LLC d\/b\/a , con domicilio en EEUU.<br\/>Atopar\u00e1s m\u00e1is informaci\u00f3n: <strong><a href=\"https:\/\/mailchimp.com\/\" target=\"_blank\" rel=\"noreferrer noopener\">https:\/\/mailchimp.com<\/a><\/strong><br\/>The Rocket Science Group LLC d\/b\/a trata os datos coa finalidade de prestar os seus servizos de email o Titulareting ao Titular.<\/li>\n\n\n\n<li><strong>Google Analytics<\/strong> \u00e9 un servizo de anal\u00edtica web prestado por Google, Inc., unha compa\u00f1\u00eda de Delaware cuxa oficina principal est\u00e1 en 1600 Amphitheatre Parkway, Mountain View (California), CA 94043, Estados Unidos (&#8220;Google&#8221;). Atopar\u00e1s m\u00e1is informaci\u00f3n: <strong><a href=\"https:\/\/analytics.google.com\/\" target=\"_blank\" rel=\"noreferrer noopener\">https:\/\/analytics.google.com<\/a><\/strong><br\/>Google Analytics utiliza &#8220;cookies&#8221;, que son arquivos de texto situados en tu ordenador, para axudar ao Titular a analizar o uso que fan os usuarios do sitio Web. A informaci\u00f3n que xera a coordinaci\u00f3n acerca do uso do sitio Web (inclu\u00edndo tu direcci\u00f3n IP) ser\u00e1 directamente transmitida e arquivada por Google nos servidores de Estados Unidos.<\/li>\n<\/ul>\n\n<p>Tam\u00e9n podes ver unha lista dos tipos de cookies que utiliza Google e os seus colaboradores e toda a informaci\u00f3n relativa ao uso que fan de cookies publicitarias.<\/p>\n\n<h3 class=\"wp-block-heading\" id=\"navegaci&#xF3;n-web\">Navegaci\u00f3n Web<\/h3>\n\n<p>Ao navegar por SITIO WEB p\u00f3dense recoller datos non identificativos, que poden inclu\u00edr, a direcci\u00f3n IP, xeolocalizaci\u00f3n, un rexistro de c\u00f3mo se utilizan os servizos e sitios, h\u00e1bitos de navegaci\u00f3n e outros datos que non poden ser utilizados para identificarte.<\/p>\n\n<p>O sitio Web utiliza os seguintes servizos de an\u00e1lise de terceiros:<\/p>\n\n<ul class=\"wp-block-list\">\n<li>Google Analytics<\/li>\n<\/ul>\n\n<p>O titular utiliza a informaci\u00f3n obtida para obter datos estat\u00edsticos, analizar tendencias, administra-lo sitio, estudiar patr\u00f3ns de navegaci\u00f3n e para recompilar informaci\u00f3n demogr\u00e1fica.<\/p>\n\n<h3 class=\"wp-block-heading\" id=\"exactitud-y-veracidad-de-los-datos-personales\">Exactitude e veracidade dos datos persoais<\/h3>\n\n<p>Te comprometes a que os datos facilitados ao titular sexan correctos, completos, exactos e vixentes, as\u00ed como a mantelos debidamente actualizados.<\/p>\n\n<p>Como Usuario do sitio Web \u00e9 o \u00fanico responsable da veracidade e correcci\u00f3n dos datos que remitas ao sitio exonerando ao Titular de calquera responsabilidade ao respecto.<\/p>\n\n<h3 class=\"wp-block-heading\" id=\"aceptaci&#xF3;n-y-consentimiento\">Aceptaci\u00f3n e consentimento<\/h3>\n\n<p>Como Usuario do sitio Web declaras ter sido informado das condici\u00f3ns sobre protecci\u00f3n de datos de car\u00e1cter persoal, aceptas e consinte o tratamento destes por parte do Titular na forma e para as finalidades indicadas nesta Pol\u00edtica de Privacidade.<\/p>\n\n<h3 class=\"wp-block-heading\" id=\"revocabilidad\">Revogabilidade<\/h3>\n\n<p>Para exercer tus dereitos de acceso, rectificaci\u00f3n, cancelaci\u00f3n, portabilidade e oposici\u00f3n ten que enviar un correo electr\u00f3nico a <a href=\"mailto:info@visitacostadamorte.com\">info@visitacostadamorte.com<\/a> xunto coa proba v\u00e1lida en dereito como unha fotocopia do D.N.I. o equivalente.<\/p>\n\n<p>O exercicio de tus dereitos non incl\u00fae ning\u00fan dato que o titular estea obrigado a conservar con fins administrativos, legais ou de seguridade.<\/p>\n\n<h3 class=\"wp-block-heading\" id=\"cambios-en-la-pol&#xED;tica-de-privacidad\">Cambios na Pol\u00edtica de Privacidade<\/h3>\n\n<p>O titular reserva para s\u00ed o dereito a modificar esta pol\u00edtica de privacidade para adaptala a novidades lexislativas ou xurisprudenciais, as\u00ed como a pr\u00e1cticas da industria.<\/p>\n\n<p>Estas pol\u00edticas estar\u00e1n vixentes ata que sexan modificadas por outras debidamente publicadas.<\/p>\n","protected":false},"excerpt":{"rendered":"<p>&#8220;Costa da Morte Asociaci\u00f3n Tur\u00edstica&#8221; inf\u00f3rmate sobre a s\u00faa Pol\u00edtica de Privacidade respecto do tratamento e protecci\u00f3n dos datos de car\u00e1cter persoal dos usuarios e clientes que poidan ser recadados pola navegaci\u00f3n ou contrataci\u00f3n de servizos a trav\u00e9s do sitio web https:\/\/www.visitacostadamorte.com\/. Neste sentido, o titular garante o cumprimento da normativa vixente en materia de [&hellip;]<\/p>\n","protected":false},"author":7,"featured_media":40860,"parent":0,"menu_order":0,"comment_status":"closed","ping_status":"closed","template":"","meta":{"_angie_page":false,"slim_seo":{"title":"Pol\u00edtica de Privacidade - Costa da Morte","description":"\"Costa da Morte Asociaci\u00f3n Tur\u00edstica\" inf\u00f3rmate sobre a s\u00faa Pol\u00edtica de Privacidade respecto do tratamento e protecci\u00f3n dos datos de car\u00e1cter persoal dos usuari"},"footnotes":""},"class_list":["post-27158","page","type-page","status-publish","has-post-thumbnail","hentry"],"_links":{"self":[{"href":"https:\/\/visitacostadamorte.com\/gl\/wp-json\/wp\/v2\/pages\/27158","targetHints":{"allow":["GET"]}}],"collection":[{"href":"https:\/\/visitacostadamorte.com\/gl\/wp-json\/wp\/v2\/pages"}],"about":[{"href":"https:\/\/visitacostadamorte.com\/gl\/wp-json\/wp\/v2\/types\/page"}],"author":[{"embeddable":true,"href":"https:\/\/visitacostadamorte.com\/gl\/wp-json\/wp\/v2\/users\/7"}],"replies":[{"embeddable":true,"href":"https:\/\/visitacostadamorte.com\/gl\/wp-json\/wp\/v2\/comments?post=27158"}],"version-history":[{"count":0,"href":"https:\/\/visitacostadamorte.com\/gl\/wp-json\/wp\/v2\/pages\/27158\/revisions"}],"wp:featuredmedia":[{"embeddable":true,"href":"https:\/\/visitacostadamorte.com\/gl\/wp-json\/wp\/v2\/media\/40860"}],"wp:attachment":[{"href":"https:\/\/visitacostadamorte.com\/gl\/wp-json\/wp\/v2\/media?parent=27158"}],"curies":[{"name":"wp","href":"https:\/\/api.w.org\/{rel}","templated":true}]}}